{"id":79,"date":"2025-11-16T16:39:36","date_gmt":"2025-11-16T16:39:36","guid":{"rendered":"https:\/\/zonapip.comune.acquaviva.ba.it\/?page_id=79"},"modified":"2025-11-26T15:41:39","modified_gmt":"2025-11-26T15:41:39","slug":"contatti","status":"publish","type":"page","link":"https:\/\/zonapip.comune.acquaviva.ba.it\/?page_id=79","title":{"rendered":"Contatti"},"content":{"rendered":"\n<div style=\"margin-top:0;margin-bottom:0;height:50px\" aria-hidden=\"true\" class=\"wp-block-spacer\"><\/div>\n\n\n\n<h2 class=\"wp-block-heading alignfull is-style-default has-large-font-size\" style=\"margin-right:0;margin-left:0;padding-right:0;padding-left:0;line-height:1.6\">Qui potete trovare la sezione dedicata ai canali di contatto attivi per il progetto.<\/h2>\n\n\n\n<h2 class=\"wp-block-heading alignfull is-style-default has-large-font-size\" style=\"margin-right:0;margin-left:0;line-height:1.6\">I canali indicati sono dedicati esclusivamente alle comunicazioni inerenti il progetto, ai suoi dati e alle sue funzionalit\u00e0.<br>La possibilit\u00e0 di contatto \u00e8 rivolta a qualsiasi utente (cittadino, ente, associazione di settore e realt\u00e0 aziendale ecc.) seguendo la indicazioni riportate, per una scelta appropriata.<\/h2>\n\n\n\n<div style=\"margin-top:0;margin-bottom:0;height:25px\" aria-hidden=\"true\" class=\"wp-block-spacer\"><\/div>\n\n\n\n<div class=\"wp-block-group alignfull is-content-justification-left is-layout-flex wp-container-core-group-is-layout-fc1dc1e5 wp-block-group-is-layout-flex\" style=\"padding-right:0;padding-left:0\">\n<div class=\"wp-block-kevinbatdorf-animate-in-view\" animatein=\"animate-in-view\" enabled=\"1\" once=\"1\" direction=\"-1\" threshold=\"1\" timing=\"1\" offset=\"2rem\">\n<figure class=\"wp-block-image size-full is-resized\"><img loading=\"lazy\" decoding=\"async\" width=\"160\" height=\"135\" src=\"https:\/\/zonapip.comune.acquaviva.ba.it\/wp-content\/uploads\/2025\/11\/mail_icon2.png\" alt=\"\" class=\"wp-image-121\" style=\"aspect-ratio:4\/3;object-fit:cover;width:35px\"\/><\/figure>\n<\/div>\n\n\n\n<h2 class=\"wp-block-heading alignwide is-style-default has-large-font-size\" style=\"margin-right:0;margin-left:0;line-height:1.6\"><strong>Posta Elettronica Ordinaria<\/strong> <br>per segnalazioni, comunicazioni non ufficiali ed informazioni utili<br><a href=\"mailto:zonapip@comune.acquaviva.ba.it\">zonapip@comune.acquaviva.ba.it<\/a><\/h2>\n<\/div>\n\n\n\n<div class=\"wp-block-group alignfull is-layout-flex wp-container-core-group-is-layout-385ca772 wp-block-group-is-layout-flex\" style=\"margin-top:var(--wp--preset--spacing--30);padding-top:0;padding-right:var(--wp--preset--spacing--20);padding-left:0\">\n<div class=\"wp-block-kevinbatdorf-animate-in-view\" animatein=\"animate-in-view\" enabled=\"1\" once=\"1\" direction=\"-1\" threshold=\"1\" timing=\"1\" offset=\"2rem\">\n<figure class=\"wp-block-image size-full is-resized\"><img loading=\"lazy\" decoding=\"async\" width=\"160\" height=\"135\" src=\"https:\/\/zonapip.comune.acquaviva.ba.it\/wp-content\/uploads\/2025\/11\/mail_icon2.png\" alt=\"\" class=\"wp-image-121\" style=\"aspect-ratio:4\/3;object-fit:cover;width:35px\"\/><\/figure>\n<\/div>\n\n\n\n<h2 class=\"wp-block-heading alignwide is-style-default has-large-font-size\" style=\"margin-right:0;margin-left:0;line-height:1.6\"><strong>Posta Elettronica Certificata<\/strong><br>per comunicazioni ufficiali e aggiornamento dati presenti sul sito<br><a href=\"mailto:ap.comuneacquaviva@pec.it\">ap.comuneacquaviva@pec.it<\/a><\/h2>\n<\/div>\n\n\n\n<div style=\"height:50px\" aria-hidden=\"true\" class=\"wp-block-spacer\"><\/div>\n","protected":false},"excerpt":{"rendered":"<p>Qui potete trovare la sezione dedicata ai canali di contatto attivi per il progetto. I canali indicati sono dedicati esclusivamente alle comunicazioni inerenti il progetto, ai suoi dati e alle sue funzionalit\u00e0.La possibilit\u00e0 di contatto \u00e8 rivolta a qualsiasi utente (cittadino, ente, associazione di settore e realt\u00e0 aziendale ecc.) seguendo la indicazioni riportate, per una [&hellip;]<\/p>\n","protected":false},"author":1,"featured_media":0,"parent":0,"menu_order":0,"comment_status":"closed","ping_status":"closed","template":"page-no-title","meta":{"footnotes":""},"class_list":["post-79","page","type-page","status-publish","hentry"],"_links":{"self":[{"href":"https:\/\/zonapip.comune.acquaviva.ba.it\/index.php?rest_route=\/wp\/v2\/pages\/79","targetHints":{"allow":["GET"]}}],"collection":[{"href":"https:\/\/zonapip.comune.acquaviva.ba.it\/index.php?rest_route=\/wp\/v2\/pages"}],"about":[{"href":"https:\/\/zonapip.comune.acquaviva.ba.it\/index.php?rest_route=\/wp\/v2\/types\/page"}],"author":[{"embeddable":true,"href":"https:\/\/zonapip.comune.acquaviva.ba.it\/index.php?rest_route=\/wp\/v2\/users\/1"}],"replies":[{"embeddable":true,"href":"https:\/\/zonapip.comune.acquaviva.ba.it\/index.php?rest_route=%2Fwp%2Fv2%2Fcomments&post=79"}],"version-history":[{"count":39,"href":"https:\/\/zonapip.comune.acquaviva.ba.it\/index.php?rest_route=\/wp\/v2\/pages\/79\/revisions"}],"predecessor-version":[{"id":317,"href":"https:\/\/zonapip.comune.acquaviva.ba.it\/index.php?rest_route=\/wp\/v2\/pages\/79\/revisions\/317"}],"wp:attachment":[{"href":"https:\/\/zonapip.comune.acquaviva.ba.it\/index.php?rest_route=%2Fwp%2Fv2%2Fmedia&parent=79"}],"curies":[{"name":"wp","href":"https:\/\/api.w.org\/{rel}","templated":true}]}}