{"id":76,"date":"2025-11-16T16:38:47","date_gmt":"2025-11-16T16:38:47","guid":{"rendered":"https:\/\/zonapip.comune.acquaviva.ba.it\/?page_id=76"},"modified":"2026-01-22T07:53:33","modified_gmt":"2026-01-22T07:53:33","slug":"aziende","status":"publish","type":"page","link":"https:\/\/zonapip.comune.acquaviva.ba.it\/?page_id=76","title":{"rendered":"Aziende"},"content":{"rendered":"\n<div style=\"height:50px\" aria-hidden=\"true\" class=\"wp-block-spacer\"><\/div>\n\n\n\n<h2 class=\"wp-block-heading alignfull has-text-align-left has-x-large-font-size\" style=\"padding-bottom:0\">Mappa digitale della Zona industriale<\/h2>\n\n\n\n<h2 class=\"wp-block-heading has-large-font-size\" style=\"margin-bottom:0;line-height:1.6\">Tutte le aziende ed i dati riportati nella mappa sono stati raccolti tramite un questionario di raccolta dati e successivamente digitalizzati permettendo una pi\u00f9 facile fruizione, analisi ed elaborazione. Al fine di ottenere un quadro pi\u00f9 realistico e trasparente della Zona Industriale.<\/h2>\n\n\n\n<div class=\"wp-block-group is-content-justification-left is-layout-flex wp-container-core-group-is-layout-aa8104b1 wp-block-group-is-layout-flex\" style=\"margin-bottom:0\">\n<h2 class=\"wp-block-heading has-large-font-size\" style=\"margin-bottom:0;line-height:1.6\">Scopri tutte le aziende esplorando la mappa digitale.<br>Puoi trovare l&#8217;elenco di tutte le aziende cliccando sul pulsante nella barra superiore delle mappa digitale <\/h2>\n\n\n\n<figure class=\"wp-block-image size-full wp-container-content-1ac3d91d\" style=\"margin-top:0;margin-bottom:5px\"><img loading=\"lazy\" decoding=\"async\" width=\"51\" height=\"43\" src=\"https:\/\/zonapip.comune.acquaviva.ba.it\/wp-content\/uploads\/2025\/12\/PulsanteMappa.png\" alt=\"\" class=\"wp-image-372\" style=\"aspect-ratio:1;object-fit:cover\"\/><\/figure>\n<\/div>\n\n\n\n<div class=\"wp-block-group is-content-justification-left is-layout-flex wp-container-core-group-is-layout-aa8104b1 wp-block-group-is-layout-flex\" style=\"margin-bottom:0\">\n<h2 class=\"wp-block-heading has-large-font-size\" style=\"margin-bottom:0;line-height:1.6\">Cliccando su una voce dell&#8217;elenco, comparir\u00e0 in primo piano la sua posizione nella mappa, nome e settore dell&#8217;attivit\u00e0.<\/h2>\n<\/div>\n\n\n\n<div class=\"wp-block-group is-content-justification-left is-layout-flex wp-container-core-group-is-layout-c0ffd398 wp-block-group-is-layout-flex\" style=\"margin-bottom:var(--wp--preset--spacing--40)\">\n<h2 class=\"wp-block-heading has-large-font-size\" style=\"margin-bottom:0;line-height:1.6\">Puoi avviare le indicazioni stradali cliccando la freccetta<\/h2>\n\n\n\n<figure class=\"wp-block-image size-full wp-container-content-d613cd94\" style=\"margin-top:0;margin-bottom:5px\"><img loading=\"lazy\" decoding=\"async\" width=\"53\" height=\"53\" src=\"https:\/\/zonapip.comune.acquaviva.ba.it\/wp-content\/uploads\/2025\/12\/FrecciaIndicazioni.png\" alt=\"\" class=\"wp-image-377\" style=\"aspect-ratio:1;object-fit:cover\"\/><\/figure>\n<\/div>\n\n\n<iframe loading=\"lazy\" responsive-map align=\"center\" src=\"https:\/\/www.google.com\/maps\/d\/u\/0\/embed?mid=1LvUvnyMhtfBXt4RZZK9cNiVPqtBuQeM&#038;ehbc=2E312F&#038;noprof=1\" width=\"100%\" height=\"600\" \n><\/iframe>\n\n\n<div style=\"height:50px\" aria-hidden=\"true\" class=\"wp-block-spacer\"><\/div>\n\n\n\n<h2 class=\"wp-block-heading has-large-font-size\" style=\"margin-bottom:var(--wp--preset--spacing--50);line-height:1.6\">Qui riportiamo tutte le aziende in elenco per una pi\u00f9 facile ricerca potendo seguire nome, sede operativa e tipologia di attivit\u00e0 svolta.<br>Dati raccolti tramite un questionario di raccolta dati e successivamente digitalizzati permettendo una pi\u00f9 facile fruizione, analisi ed elaborazione.<\/h2>\n\n\n\n<table id=\"tablepress-1\" class=\"tablepress tablepress-id-1\">\n<thead>\n<tr class=\"row-1\">\n\t<th class=\"column-1\"><strong>Aziende<\/strong><\/th><th class=\"column-2\"><strong>Sede operativa<\/strong><\/th><th class=\"column-3\"><strong>Tipologia attivit\u00e0 svolta<\/strong><\/th>\n<\/tr>\n<\/thead>\n<tbody class=\"row-striping row-hover\">\n<tr class=\"row-2\">\n\t<td class=\"column-1\"><strong>2i Rete Gas spa<\/strong><\/td><td class=\"column-2\">Via Puglia 3 &#8211; Via Sardegna 4 <\/td><td class=\"column-3\">Distribuzione e misura gas a mezzo rete<\/td>\n<\/tr>\n<tr class=\"row-3\">\n\t<td class=\"column-1\"><strong>Auto Abrusci srl<\/strong><\/td><td class=\"column-2\">Via per Sammichele Z.I. &#8211; Acquaviva delle Fonti<\/td><td class=\"column-3\">Meccatronica e Soccorso Stradale<\/td>\n<\/tr>\n<tr class=\"row-4\">\n\t<td class=\"column-1\"><strong>Adspace srl<\/strong><\/td><td class=\"column-2\">Via Calabria Z.I. &#8211; Acquaviva delle Fonti<\/td><td class=\"column-3\">Conduzione Camapagne Pubblicitarie e altri servizi pubblicitari<\/td>\n<\/tr>\n<tr class=\"row-5\">\n\t<td class=\"column-1\"><strong>Agricola Salatino srl<\/strong><\/td><td class=\"column-2\">Via Puglia, 18 Z.I. &#8211; Acquaviva delle Fonti<\/td><td class=\"column-3\">Servizi di piantumazione &#8211; attivit\u00e0 coltivazione conto terzi &#8211; colture vitivinicole e olivicole<\/td>\n<\/tr>\n<tr class=\"row-6\">\n\t<td class=\"column-1\"><strong>Stile Arredo di Cannizaro Giuseppe<\/strong><\/td><td class=\"column-2\">Via Campania &#8211; Acquaviva delle fonti<\/td><td class=\"column-3\">Fabbricazione Mobili<\/td>\n<\/tr>\n<tr class=\"row-7\">\n\t<td class=\"column-1\"><strong>Autocarrozzeria f.lli Miale snc<\/strong><\/td><td class=\"column-2\">Zona Industriale &#8211; Acquaviva delle Fonti<\/td><td class=\"column-3\">Autocarrozzeria<\/td>\n<\/tr>\n<tr class=\"row-8\">\n\t<td class=\"column-1\"><strong>Autolinee Mastrorocco<\/strong><\/td><td class=\"column-2\">Via Molise Z.I. &#8211; Acquaviva delle Fonti<\/td><td class=\"column-3\">Trasporto pubblico di viaggiatori<\/td>\n<\/tr>\n<tr class=\"row-9\">\n\t<td class=\"column-1\"><strong>Azienda Agricola di Benotto Luigino<\/strong><\/td><td class=\"column-2\">Via Puglia 3 &#8211; Acquaviva delle fonti<\/td><td class=\"column-3\">Coltivazione, trasformazione e commercializzazione uva; coltivazione di frutti oleosi<\/td>\n<\/tr>\n<tr class=\"row-10\">\n\t<td class=\"column-1\"><strong>Bruno srl<\/strong><\/td><td class=\"column-2\">Via Abruzzo ZI &#8211; Acquaviva delle fonti<\/td><td class=\"column-3\">Produzione e commercializzazione pasta secca<\/td>\n<\/tr>\n<tr class=\"row-11\">\n\t<td class=\"column-1\"><strong>Ciccarone Marino<\/strong><\/td><td class=\"column-2\">Via Sardegna ZI &#8211; Acquaviva delle fonti<\/td><td class=\"column-3\">Falegnameria &#8211; Arredi &#8211; infissi<\/td>\n<\/tr>\n<tr class=\"row-12\">\n\t<td class=\"column-1\"><strong>Combivox srl<\/strong><\/td><td class=\"column-2\">Via Vito Giorgio ZI &#8211; Acquaviva delle fonti<\/td><td class=\"column-3\">Produzione di apparecchiature elettroniche<\/td>\n<\/tr>\n<tr class=\"row-13\">\n\t<td class=\"column-1\"><strong>Natura Viva &#8211; Cooperativa Agricola Sociale<\/strong><\/td><td class=\"column-2\">Via Molise ZI &#8211; Acquaviva delle fonti<\/td><td class=\"column-3\">Attivit\u00e0 agricola<\/td>\n<\/tr>\n<tr class=\"row-14\">\n\t<td class=\"column-1\"><strong>D&amp;L srl<\/strong><\/td><td class=\"column-2\">Via Marche ZI &#8211; Acquaviva delle fonti<\/td><td class=\"column-3\">Fabbricazione Imballaggi in materie plastiche<\/td>\n<\/tr>\n<tr class=\"row-15\">\n\t<td class=\"column-1\"><strong>De Bernardis snc<\/strong><\/td><td class=\"column-2\">Via Molise Z.I. &#8211; Acquaviva delle Fonti<\/td><td class=\"column-3\">Officina Meccatronica<\/td>\n<\/tr>\n<tr class=\"row-16\">\n\t<td class=\"column-1\"><strong>Dimartino sas<\/strong><\/td><td class=\"column-2\">Via Vito Giorgio ZI &#8211; Acquaviva delle fonti<\/td><td class=\"column-3\">Fabbricazione e assemblaggio di porte e finestre in legno<\/td>\n<\/tr>\n<tr class=\"row-17\">\n\t<td class=\"column-1\"><strong>EA Commerce srl<\/strong><\/td><td class=\"column-2\">Via Sardegna ZI &#8211; Acquaviva delle fonti<\/td><td class=\"column-3\">Commercio al dettaglio via internet<\/td>\n<\/tr>\n<tr class=\"row-18\">\n\t<td class=\"column-1\"><strong>Tritto Angelo Michele<\/strong><\/td><td class=\"column-2\">Via Vito Giorgio ZI &#8211; Acquaviva delle fonti<\/td><td class=\"column-3\">Falegnameria &#8211; Ebanisteria<\/td>\n<\/tr>\n<tr class=\"row-19\">\n\t<td class=\"column-1\"><strong>Edil Recuperi srl<\/strong><\/td><td class=\"column-2\">Via Calabria Z.I. &#8211; Acquaviva delle Fonti<\/td><td class=\"column-3\">Recupero, smaltimento e trattamento rifiuti<\/td>\n<\/tr>\n<tr class=\"row-20\">\n\t<td class=\"column-1\"><strong>EK Impianti srl<\/strong><\/td><td class=\"column-2\">Via Sardegna ZI &#8211; Acquaviva delle fonti<\/td><td class=\"column-3\">Installazione e manutenzione impianti tecnologici &#8211; lavori edili<\/td>\n<\/tr>\n<tr class=\"row-21\">\n\t<td class=\"column-1\"><strong>Finlogic spa<\/strong><\/td><td class=\"column-2\">Via Calabria Z.I. &#8211; Acquaviva delle Fonti<\/td><td class=\"column-3\">Produzione Etichette &#8211; Articoli barcode<\/td>\n<\/tr>\n<tr class=\"row-22\">\n\t<td class=\"column-1\"><strong>Fonte Viva Cooperativa Sociale<\/strong><\/td><td class=\"column-2\">Zona Industriale <\/td><td class=\"column-3\">Attivit\u00e0 agricola<\/td>\n<\/tr>\n<tr class=\"row-23\">\n\t<td class=\"column-1\"><strong>Frantoio Mastrorocco Srl<\/strong><\/td><td class=\"column-2\">Via Basilicata ZI &#8211; Acquaviva delle Fonti<\/td><td class=\"column-3\">Frantonio oleario<\/td>\n<\/tr>\n<tr class=\"row-24\">\n\t<td class=\"column-1\"><strong>Frigosud di Posa Bartolomeo<\/strong><\/td><td class=\"column-2\">Via Basilicata ZI &#8211; Acquaviva delle Fonti<\/td><td class=\"column-3\">Costruzione e manutenzione macchine da gelateria<\/td>\n<\/tr>\n<tr class=\"row-25\">\n\t<td class=\"column-1\"><strong>Grafiche Fedele di Cascarano V. &amp; C. Sas<\/strong><\/td><td class=\"column-2\">Via Abruzzo ZI &#8211; Acquaviva delle fonti<\/td><td class=\"column-3\">Stampa digitale, serigrafia, cartellonistica, allestimenti negozi<\/td>\n<\/tr>\n<tr class=\"row-26\">\n\t<td class=\"column-1\"><strong>G. Scavi Srl<\/strong><\/td><td class=\"column-2\">Via Vito Giorgio ZI &#8211; Acquaviva delle fonti<\/td><td class=\"column-3\">Movimento terra, scavi, demolizioni, lavori stradali<\/td>\n<\/tr>\n<tr class=\"row-27\">\n\t<td class=\"column-1\"><strong>Idra Italia Srl<\/strong><\/td><td class=\"column-2\">Via per Sammichele Z.I. &#8211; Acquaviva delle Fonti<\/td><td class=\"column-3\">Produzione filtri e raccorderia metallica per l&#8217;irrigazione agricola<\/td>\n<\/tr>\n<tr class=\"row-28\">\n\t<td class=\"column-1\"><strong>IFAC Spa<\/strong><\/td><td class=\"column-2\">Via Achille Tamburrino Z.I. &#8211; Acquaviva delle Fonti<\/td><td class=\"column-3\">Produzione di furgoni isotermici<\/td>\n<\/tr>\n<tr class=\"row-29\">\n\t<td class=\"column-1\"><strong>I.T.I. Pro Srl<\/strong><\/td><td class=\"column-2\">Via Lazio Z.I. &#8211; Acquaviva delle Fonti<\/td><td class=\"column-3\">Produzione articoli materie prime<\/td>\n<\/tr>\n<tr class=\"row-30\">\n\t<td class=\"column-1\"><strong>Kasucci Srl<\/strong><\/td><td class=\"column-2\">Via Marche ZI &#8211; Acquaviva delle fonti<\/td><td class=\"column-3\">Industria calzaturiera<\/td>\n<\/tr>\n<tr class=\"row-31\">\n\t<td class=\"column-1\"><strong>La Fonte Srl<\/strong><\/td><td class=\"column-2\">Via Sardegna, n.70 Z.I. &#8211; Acquaviva delle Fonti<\/td><td class=\"column-3\">Servizi di vigilanza e sicurezza<\/td>\n<\/tr>\n<tr class=\"row-32\">\n\t<td class=\"column-1\"><strong>Lenoci Innovation Srl<\/strong><\/td><td class=\"column-2\">Via Basilicata ZI &#8211; Acquaviva delle Fonti<\/td><td class=\"column-3\">Fabbricazione, montaggio, assemblaggio e vendita di porte, serramenti, strutture in ferro<\/td>\n<\/tr>\n<tr class=\"row-33\">\n\t<td class=\"column-1\"><strong>Lenoci Marco Antonio<\/strong><\/td><td class=\"column-2\">Zona Industriale &#8211; Acquaviva delle Fonti<\/td><td class=\"column-3\">Falegnameria<\/td>\n<\/tr>\n<tr class=\"row-34\">\n\t<td class=\"column-1\"><strong>Leo Invest Snc<\/strong><\/td><td class=\"column-2\"><\/td><td class=\"column-3\">Attivit\u00e0 immobiliare<\/td>\n<\/tr>\n<tr class=\"row-35\">\n\t<td class=\"column-1\"><strong>Liborio Frutta Srl<\/strong><\/td><td class=\"column-2\">Via Basilicata ZI<\/td><td class=\"column-3\">Commercio all&#8217;ingrosso di frutta<\/td>\n<\/tr>\n<tr class=\"row-36\">\n\t<td class=\"column-1\"><strong>Mais Srl<\/strong><\/td><td class=\"column-2\">Via Campania Z.I. &#8211; Acquaviva delle Fonti<\/td><td class=\"column-3\">Manutenzione e costruzione stazioni di servizio<\/td>\n<\/tr>\n<tr class=\"row-37\">\n\t<td class=\"column-1\"><a href=\"http:\/\/isa.co\/\"><strong><strong><u>ISA.CO<\/u><\/strong><strong>. Roba Italiana di Favia Maria Carmela<\/strong><\/strong><\/a><\/td><td class=\"column-2\">Zona Industriale &#8211; Acquaviva delle Fonti<\/td><td class=\"column-3\">Confezioni di abbigliamento sportivo<\/td>\n<\/tr>\n<tr class=\"row-38\">\n\t<td class=\"column-1\"><strong>Mastrorocco Serramenti Sas<\/strong><\/td><td class=\"column-2\">Via Campagnia Z.I. &#8211; Acquaviva delle Fonti<\/td><td class=\"column-3\">Fornitura e posa in opera di serramenti in alluminio, ferro e PVC<\/td>\n<\/tr>\n<tr class=\"row-39\">\n\t<td class=\"column-1\"><strong>MDL Invest Snc<\/strong><\/td><td class=\"column-2\">Via Sammichele Z.I. &#8211; Acquaviva delle Fonti<\/td><td class=\"column-3\"><\/td>\n<\/tr>\n<tr class=\"row-40\">\n\t<td class=\"column-1\"><strong>Miglionico Srl<\/strong><\/td><td class=\"column-2\">Via Molise ZI &#8211; Acquaviva delle fonti<\/td><td class=\"column-3\">Produzione di riuniti odontoiatrici<\/td>\n<\/tr>\n<tr class=\"row-41\">\n\t<td class=\"column-1\"><strong>MV Line Spa<\/strong><\/td><td class=\"column-2\">Via Umbria Z.I. &#8211; Acquaviva delle Fonti<\/td><td class=\"column-3\">Produzione di zanzariere avvolgibili<\/td>\n<\/tr>\n<tr class=\"row-42\">\n\t<td class=\"column-1\"><strong>Novarte di Pozzato F.&amp;C. Snc<\/strong><\/td><td class=\"column-2\">Via Sicilia Z.I. &#8211; Acquaviva delle Fonti<\/td><td class=\"column-3\">Lavori di isolamento e cartongesso<\/td>\n<\/tr>\n<tr class=\"row-43\">\n\t<td class=\"column-1\"><strong>Officine Autosud Sas<\/strong><\/td><td class=\"column-2\">Via Basilicata, n.34 Z.I. &#8211; Acquaviva delle Fonti<\/td><td class=\"column-3\">Officina meccanica<\/td>\n<\/tr>\n<tr class=\"row-44\">\n\t<td class=\"column-1\"><strong>Orti Pugliesi Srl<\/strong><\/td><td class=\"column-2\">Via Basilicata, 33 &#8211; Z.I. Acquaviva delle Fonti<\/td><td class=\"column-3\">Commercializzazione all&#8217;ingrosso di prodotti ortofrutticoli<\/td>\n<\/tr>\n<tr class=\"row-45\">\n\t<td class=\"column-1\"><strong>Curtomartino di Gentile Pasquale<\/strong><\/td><td class=\"column-2\">Via Basilicata Z.I. &#8211; Acquaviva delle Fonti (BA)<\/td><td class=\"column-3\">Azienda agricola vitivinicola<\/td>\n<\/tr>\n<tr class=\"row-46\">\n\t<td class=\"column-1\"><strong>Pneumatici Mele Snc<\/strong><\/td><td class=\"column-2\">Via Campania Z.I. &#8211; Acquaviva delle Fonti<\/td><td class=\"column-3\">Vendita e riparazione pneumatici &#8211; Centro di revisione<\/td>\n<\/tr>\n<tr class=\"row-47\">\n\t<td class=\"column-1\"><strong>Autocarrozzeria Prisciantelli Nicola<\/strong><\/td><td class=\"column-2\">Via Puglia Z.I. &#8211; Acquaviva delle Fonti (BA)<\/td><td class=\"column-3\">Autocarrozzeria, gommista, meccatronica<\/td>\n<\/tr>\n<tr class=\"row-48\">\n\t<td class=\"column-1\"><strong>Produttori Agricoli Associati Soc. Cooperativa<\/strong><\/td><td class=\"column-2\">Via Puglia Z.I. &#8211; Acquaviva delle Fonti (BA)<\/td><td class=\"column-3\">Frantoio oleario<\/td>\n<\/tr>\n<tr class=\"row-49\">\n\t<td class=\"column-1\"><strong>Profiltecnica di Vitale Stefano<\/strong><\/td><td class=\"column-2\">Via Puglia Z.I. &#8211; Acquaviva delle Fonti (BA)<\/td><td class=\"column-3\">Produzione infissi e lavorazione metalli<\/td>\n<\/tr>\n<tr class=\"row-50\">\n\t<td class=\"column-1\"><strong>Vetreria Profilvetro Srl<\/strong><\/td><td class=\"column-2\">Via Molise ZI &#8211; Acquaviva delle fonti<\/td><td class=\"column-3\">Vetreria<\/td>\n<\/tr>\n<tr class=\"row-51\">\n\t<td class=\"column-1\"><strong>Si.Del. Srl<\/strong><\/td><td class=\"column-2\">Via per Sammichele Z.I. &#8211; Acquaviva delle Fonti<\/td><td class=\"column-3\">Produzione di porte tagliafuoco<\/td>\n<\/tr>\n<tr class=\"row-52\">\n\t<td class=\"column-1\"><strong>SIGBA Srl<\/strong><\/td><td class=\"column-2\">Via Campania Z.I. &#8211; Acquaviva delle Fonti<\/td><td class=\"column-3\">Officina riparazione auteveicoli &#8211; Centro revisione<\/td>\n<\/tr>\n<tr class=\"row-53\">\n\t<td class=\"column-1\"><strong>SIPAM Srl<\/strong><\/td><td class=\"column-2\">Via per Sammichele Z.I. &#8211; Acquaviva delle Fonti<\/td><td class=\"column-3\">Fabbricazione di articoli in materie plastiche<\/td>\n<\/tr>\n<tr class=\"row-54\">\n\t<td class=\"column-1\"><strong>Soft Sof\u00e0 Srl<\/strong><\/td><td class=\"column-2\">Via Calabria Z.I. &#8211; Acquaviva delle Fonti<\/td><td class=\"column-3\">Produzione divani<\/td>\n<\/tr>\n<tr class=\"row-55\">\n\t<td class=\"column-1\"><strong>Tafuri Surface Srls<\/strong><\/td><td class=\"column-2\">Via Calabria Z.I.  &#8211; Acquaviva delle fonti<\/td><td class=\"column-3\">Posa in opera di resine, materiali per la costruzione, rivestimento pavimenti e muri, parquet<\/td>\n<\/tr>\n<tr class=\"row-56\">\n\t<td class=\"column-1\"><strong>Tecna Group Srl<\/strong><\/td><td class=\"column-2\">Via Abruzzo, 86 Z.I. &#8211; Acquaviva delle Fonti<\/td><td class=\"column-3\">Fabbricazione di macchine da miniera, cave, cantieri<\/td>\n<\/tr>\n<tr class=\"row-57\">\n\t<td class=\"column-1\"><strong>Tecno Sercice SCPLS<\/strong><\/td><td class=\"column-2\">Via Basilicata, n.25 Z.I. &#8211; Acquaviva delle Fonti<\/td><td class=\"column-3\">Total contract serramenti e arredo<\/td>\n<\/tr>\n<tr class=\"row-58\">\n\t<td class=\"column-1\"><strong>Vetrosystem Sud Snc<\/strong><\/td><td class=\"column-2\">Via Per Sammichele Z.I. &#8211; Acquaviva delle Fonti<\/td><td class=\"column-3\">Lavorazione e trasformazione del vetro piano<\/td>\n<\/tr>\n<tr class=\"row-59\">\n\t<td class=\"column-1\"><strong>Vitale Infissi Srl<\/strong><\/td><td class=\"column-2\">Via Puglia Z.I. &#8211; Acquaviva delle Fonti (BA)<\/td><td class=\"column-3\">Fabbricazione di porte, finestre e loro telai, imposte e cancelli metallici<\/td>\n<\/tr>\n<tr class=\"row-60\">\n\t<td class=\"column-1\"><strong>Officine Difonzo Snc<\/strong><\/td><td class=\"column-2\">Via Basilicata Z.I. &#8211; Acquaviva delle Fonti (BA)<\/td><td class=\"column-3\">Officina meccatronica &#8211; Centro revisione veicoli<\/td>\n<\/tr>\n<\/tbody>\n<\/table>\n<!-- #tablepress-1 from cache -->\n\n\n<div style=\"height:100px\" aria-hidden=\"true\" class=\"wp-block-spacer\"><\/div>\n","protected":false},"excerpt":{"rendered":"<p>Mappa digitale della Zona industriale Tutte le aziende ed i dati riportati nella mappa sono stati raccolti tramite un questionario di raccolta dati e successivamente digitalizzati permettendo una pi\u00f9 facile fruizione, analisi ed elaborazione. Al fine di ottenere un quadro pi\u00f9 realistico e trasparente della Zona Industriale. Scopri tutte le aziende esplorando la mappa digitale.Puoi [&hellip;]<\/p>\n","protected":false},"author":1,"featured_media":0,"parent":0,"menu_order":0,"comment_status":"closed","ping_status":"closed","template":"page-no-title","meta":{"footnotes":""},"class_list":["post-76","page","type-page","status-publish","hentry"],"_links":{"self":[{"href":"https:\/\/zonapip.comune.acquaviva.ba.it\/index.php?rest_route=\/wp\/v2\/pages\/76","targetHints":{"allow":["GET"]}}],"collection":[{"href":"https:\/\/zonapip.comune.acquaviva.ba.it\/index.php?rest_route=\/wp\/v2\/pages"}],"about":[{"href":"https:\/\/zonapip.comune.acquaviva.ba.it\/index.php?rest_route=\/wp\/v2\/types\/page"}],"author":[{"embeddable":true,"href":"https:\/\/zonapip.comune.acquaviva.ba.it\/index.php?rest_route=\/wp\/v2\/users\/1"}],"replies":[{"embeddable":true,"href":"https:\/\/zonapip.comune.acquaviva.ba.it\/index.php?rest_route=%2Fwp%2Fv2%2Fcomments&post=76"}],"version-history":[{"count":72,"href":"https:\/\/zonapip.comune.acquaviva.ba.it\/index.php?rest_route=\/wp\/v2\/pages\/76\/revisions"}],"predecessor-version":[{"id":424,"href":"https:\/\/zonapip.comune.acquaviva.ba.it\/index.php?rest_route=\/wp\/v2\/pages\/76\/revisions\/424"}],"wp:attachment":[{"href":"https:\/\/zonapip.comune.acquaviva.ba.it\/index.php?rest_route=%2Fwp%2Fv2%2Fmedia&parent=76"}],"curies":[{"name":"wp","href":"https:\/\/api.w.org\/{rel}","templated":true}]}}