{"id":69,"date":"2025-11-16T16:34:56","date_gmt":"2025-11-16T16:34:56","guid":{"rendered":"https:\/\/zonapip.comune.acquaviva.ba.it\/?page_id=69"},"modified":"2025-11-26T15:38:36","modified_gmt":"2025-11-26T15:38:36","slug":"progetto","status":"publish","type":"page","link":"https:\/\/zonapip.comune.acquaviva.ba.it\/?page_id=69","title":{"rendered":"Progetto"},"content":{"rendered":"\n<div style=\"height:50px\" aria-hidden=\"true\" class=\"wp-block-spacer\"><\/div>\n\n\n\n<h2 class=\"wp-block-heading alignfull has-x-large-font-size\" style=\"padding-right:0;padding-left:0;line-height:1.6\">Presentazione del progetto<\/h2>\n\n\n\n<h2 class=\"wp-block-heading alignfull has-large-font-size\" style=\"padding-right:0;padding-left:0;line-height:1.6\">L\u2019idea di questo progetto parte da una attenta ed accurata analisi dell\u2019attuale condizione della zona industriale della nostra citt\u00e0, al termine della quale sono stati evidenziati e valutati diversi aspetti migliorabili in numerosi vantaggi.<br>Il progetto \u00e8 finalizzato ad aumentare e migliorare questi punti principali e fondamentali, che se curati e rafforzati, potrebbero rappresentare importanti fonti di sviluppo ed opportunit\u00e0.<br>Nel dettaglio: accessibilit\u00e0, informazioni, dati, servizi, esigenze ed interazione con le istituzioni, cittadinanza ed altre realt\u00e0 esterne.<br>Crediamo fortemente nelle potenzialit\u00e0 di questa realt\u00e0 industriale, vista la presenza di un importante numero di attivit\u00e0 produttive, variet\u00e0 dei servizi e professionalit\u00e0 offerte, considerevole quantit\u00e0 di risorse umane ed una preziosa posizione strategicamente favorevole.<\/h2>\n\n\n\n<h2 class=\"wp-block-heading alignfull has-x-large-font-size\" style=\"margin-top:var(--wp--preset--spacing--40);padding-right:0;padding-left:0;line-height:1.6\">Obiettivi del progetto<\/h2>\n\n\n\n<h2 class=\"wp-block-heading alignfull has-large-font-size\" style=\"padding-right:0;padding-left:0;line-height:1.6\">\u2022 Censimento e raccolta dati utili, di tutte le attivit\u00e0 produttive presenti<br>\u2022 Creazione di una database e di un canale di comunicazione efficace<br>\u2022 Analisi dei dati per interventi strategici e mirati<br>\u2022 Creazione di un portale web dedicato, per efficientarne sviluppo, comunicazione ed interattivit\u00e0 con la cittadinanza e altre realt\u00e0<br>\u2022 Avvicinamento della zona industriale ai cittadini, aumentando il senso di appartenenza ed i flussi economici e professionali<br>\u2022 Implementazione di una mappa digitale della zona industriale per facilitare la fruizione delle attivit\u00e0 produttive presenti, i loro ambiti professionali ed i loro canali di contatto<br>\u2022 Spazio digitale comune per le attivit\u00e0 produttive utile per comunicazioni professionali (pubblicitarie, ricerca personale, ecc)<br>\u2022 Digital solution per facilitare il raggiungimento di ogni risorsa e favorire la rete economica e professionale<\/h2>\n\n\n\n<h2 class=\"wp-block-heading alignfull has-x-large-font-size\" style=\"margin-top:var(--wp--preset--spacing--40);padding-right:0;padding-left:0;line-height:1.6\">Conclusioni<\/h2>\n\n\n\n<h2 class=\"wp-block-heading alignfull has-large-font-size\" style=\"padding-right:0;padding-left:0;line-height:1.6\">Pensiamo che questo progetto possa dare una vera spinta alla nostra zona industriale cittadina.<br>Un insieme di dati e preziose informazioni alla base di interventi utili e di potenziamento della zona e di tutta la citt\u00e0.<br>Un canale fondamentale per lo scambio di comunicazioni, proposte ed opportunit\u00e0 per le imprese e la citt\u00e0.<br>Un insieme di aziende che siano parte viva e attiva della citt\u00e0.<br>Crediamo ad auspichiamo che questo progetto sia un trampolino di lancio per uno sviluppo e potenziamento crescente nel tempo, per tutti.<\/h2>\n\n\n\n<div style=\"height:50px\" aria-hidden=\"true\" class=\"wp-block-spacer\"><\/div>\n","protected":false},"excerpt":{"rendered":"<p>Presentazione del progetto L\u2019idea di questo progetto parte da una attenta ed accurata analisi dell\u2019attuale condizione della zona industriale della nostra citt\u00e0, al termine della quale sono stati evidenziati e valutati diversi aspetti migliorabili in numerosi vantaggi.Il progetto \u00e8 finalizzato ad aumentare e migliorare questi punti principali e fondamentali, che se curati e rafforzati, potrebbero [&hellip;]<\/p>\n","protected":false},"author":1,"featured_media":0,"parent":0,"menu_order":0,"comment_status":"closed","ping_status":"closed","template":"page-no-title","meta":{"footnotes":""},"class_list":["post-69","page","type-page","status-publish","hentry"],"_links":{"self":[{"href":"https:\/\/zonapip.comune.acquaviva.ba.it\/index.php?rest_route=\/wp\/v2\/pages\/69","targetHints":{"allow":["GET"]}}],"collection":[{"href":"https:\/\/zonapip.comune.acquaviva.ba.it\/index.php?rest_route=\/wp\/v2\/pages"}],"about":[{"href":"https:\/\/zonapip.comune.acquaviva.ba.it\/index.php?rest_route=\/wp\/v2\/types\/page"}],"author":[{"embeddable":true,"href":"https:\/\/zonapip.comune.acquaviva.ba.it\/index.php?rest_route=\/wp\/v2\/users\/1"}],"replies":[{"embeddable":true,"href":"https:\/\/zonapip.comune.acquaviva.ba.it\/index.php?rest_route=%2Fwp%2Fv2%2Fcomments&post=69"}],"version-history":[{"count":16,"href":"https:\/\/zonapip.comune.acquaviva.ba.it\/index.php?rest_route=\/wp\/v2\/pages\/69\/revisions"}],"predecessor-version":[{"id":314,"href":"https:\/\/zonapip.comune.acquaviva.ba.it\/index.php?rest_route=\/wp\/v2\/pages\/69\/revisions\/314"}],"wp:attachment":[{"href":"https:\/\/zonapip.comune.acquaviva.ba.it\/index.php?rest_route=%2Fwp%2Fv2%2Fmedia&parent=69"}],"curies":[{"name":"wp","href":"https:\/\/api.w.org\/{rel}","templated":true}]}}